{"id":1330,"date":"2021-09-24T15:02:54","date_gmt":"2021-09-24T14:02:54","guid":{"rendered":"\/?page_id=1330"},"modified":"2021-09-24T19:39:59","modified_gmt":"2021-09-24T18:39:59","slug":"marie-bonne-mail","status":"publish","type":"page","link":"https:\/\/mariebonne.pt\/en_gb\/marie-bonne-mail\/","title":{"rendered":"Marie Bonne Mail"},"content":{"rendered":"<div data-elementor-type=\"wp-page\" data-elementor-id=\"1330\" class=\"elementor elementor-1330\" data-elementor-post-type=\"page\">\n\t\t\t\t\t\t<section class=\"elementor-section elementor-top-section elementor-element elementor-element-e4fdf1d elementor-section-stretched elementor-section-boxed elementor-section-height-default elementor-section-height-default\" data-id=\"e4fdf1d\" data-element_type=\"section\" data-e-type=\"section\" data-settings=\"{&quot;stretch_section&quot;:&quot;section-stretched&quot;,&quot;background_background&quot;:&quot;classic&quot;}\">\n\t\t\t\t\t\t<div class=\"elementor-container elementor-column-gap-default\">\n\t\t\t\t\t<div class=\"elementor-column elementor-col-100 elementor-top-column elementor-element elementor-element-7aac125\" data-id=\"7aac125\" data-element_type=\"column\" data-e-type=\"column\" data-settings=\"{&quot;background_background&quot;:&quot;classic&quot;}\">\n\t\t\t<div class=\"elementor-widget-wrap elementor-element-populated\">\n\t\t\t\t\t<div class=\"elementor-background-overlay\"><\/div>\n\t\t\t\t\t\t<section class=\"elementor-section elementor-inner-section elementor-element elementor-element-2f5a411 elementor-section-boxed elementor-section-height-default elementor-section-height-default\" data-id=\"2f5a411\" data-element_type=\"section\" data-e-type=\"section\">\n\t\t\t\t\t\t<div class=\"elementor-container elementor-column-gap-default\">\n\t\t\t\t\t<div class=\"elementor-column elementor-col-66 elementor-inner-column elementor-element elementor-element-ce51e2e\" data-id=\"ce51e2e\" data-element_type=\"column\" data-e-type=\"column\">\n\t\t\t<div class=\"elementor-widget-wrap\">\n\t\t\t\t\t\t\t<\/div>\n\t\t<\/div>\n\t\t\t\t<div class=\"elementor-column elementor-col-33 elementor-inner-column elementor-element elementor-element-e6cf740\" data-id=\"e6cf740\" data-element_type=\"column\" data-e-type=\"column\">\n\t\t\t<div class=\"elementor-widget-wrap elementor-element-populated\">\n\t\t\t\t\t\t<div class=\"elementor-element elementor-element-75faf6b elementor-widget elementor-widget-image\" data-id=\"75faf6b\" data-element_type=\"widget\" data-e-type=\"widget\" data-widget_type=\"image.default\">\n\t\t\t\t<div class=\"elementor-widget-container\">\n\t\t\t\t\t\t\t\t\t\t\t\t\t\t\t<img fetchpriority=\"high\" decoding=\"async\" width=\"668\" height=\"280\" src=\"https:\/\/mariebonne.pt\/wp-content\/uploads\/2021\/09\/465456.png\" class=\"attachment-medium_large size-medium_large wp-image-1338\" alt=\"\" srcset=\"https:\/\/mariebonne.pt\/wp-content\/uploads\/2021\/09\/465456.png 668w, https:\/\/mariebonne.pt\/wp-content\/uploads\/2021\/09\/465456-300x126.png 300w, https:\/\/mariebonne.pt\/wp-content\/uploads\/2021\/09\/465456-16x7.png 16w, https:\/\/mariebonne.pt\/wp-content\/uploads\/2021\/09\/465456-600x251.png 600w\" sizes=\"(max-width: 668px) 100vw, 668px\" \/>\t\t\t\t\t\t\t\t\t\t\t\t\t\t\t<\/div>\n\t\t\t\t<\/div>\n\t\t\t\t\t<\/div>\n\t\t<\/div>\n\t\t\t\t\t<\/div>\n\t\t<\/section>\n\t\t\t\t\t<\/div>\n\t\t<\/div>\n\t\t\t\t\t<\/div>\n\t\t<\/section>\n\t\t\t\t<section class=\"elementor-section elementor-top-section elementor-element elementor-element-eed50fa elementor-section-boxed elementor-section-height-default elementor-section-height-default\" data-id=\"eed50fa\" data-element_type=\"section\" data-e-type=\"section\">\n\t\t\t\t\t\t<div class=\"elementor-container elementor-column-gap-default\">\n\t\t\t\t\t<div class=\"elementor-column elementor-col-100 elementor-top-column elementor-element elementor-element-78f0e66\" data-id=\"78f0e66\" data-element_type=\"column\" data-e-type=\"column\">\n\t\t\t<div class=\"elementor-widget-wrap elementor-element-populated\">\n\t\t\t\t\t\t<div class=\"elementor-element elementor-element-ceb0d10 elementor-widget elementor-widget-heading\" data-id=\"ceb0d10\" data-element_type=\"widget\" data-e-type=\"widget\" data-widget_type=\"heading.default\">\n\t\t\t\t<div class=\"elementor-widget-container\">\n\t\t\t\t\t<h2 class=\"elementor-heading-title elementor-size-default\">Hello,<\/h2>\t\t\t\t<\/div>\n\t\t\t\t<\/div>\n\t\t\t\t<div class=\"elementor-element elementor-element-fd27117 elementor-widget elementor-widget-text-editor\" data-id=\"fd27117\" data-element_type=\"widget\" data-e-type=\"widget\" data-widget_type=\"text-editor.default\">\n\t\t\t\t<div class=\"elementor-widget-container\">\n\t\t\t\t\t\t\t\t\t<p>After carefully analyzing and evaluating the specifications of your request and your needs, we send for your consideration the shortlist of available and specialized candidates that are best suited to perform the task you are looking for.<\/p>\t\t\t\t\t\t\t\t<\/div>\n\t\t\t\t<\/div>\n\t\t\t\t<div class=\"elementor-element elementor-element-43254e3 elementor-widget elementor-widget-text-editor\" data-id=\"43254e3\" data-element_type=\"widget\" data-e-type=\"widget\" data-widget_type=\"text-editor.default\">\n\t\t\t\t<div class=\"elementor-widget-container\">\n\t\t\t\t\t\t\t\t\t<p>We will now await your contact to start scheduling the interviews.<\/p>\t\t\t\t\t\t\t\t<\/div>\n\t\t\t\t<\/div>\n\t\t\t\t<div class=\"elementor-element elementor-element-0dcbc0a elementor-widget elementor-widget-text-editor\" data-id=\"0dcbc0a\" data-element_type=\"widget\" data-e-type=\"widget\" data-widget_type=\"text-editor.default\">\n\t\t\t\t<div class=\"elementor-widget-container\">\n\t\t\t\t\t\t\t\t\t<p>We would also like to remind you some of the conditions and processes of Marie Bonne\u2019s services (which can also be consulted through our website at:\u00a0<a href=\"https:\/\/mariebonne.pt\/en_gb\/empresa\/condicoes\/\" target=\"_blank\" rel=\"noopener\">https:\/\/www.mariebonne.com\/empresa\/condicoes\/<\/a>:<\/p>\t\t\t\t\t\t\t\t<\/div>\n\t\t\t\t<\/div>\n\t\t\t\t<div class=\"elementor-element elementor-element-a5479ee elementor-widget elementor-widget-text-editor\" data-id=\"a5479ee\" data-element_type=\"widget\" data-e-type=\"widget\" data-widget_type=\"text-editor.default\">\n\t\t\t\t<div class=\"elementor-widget-container\">\n\t\t\t\t\t\t\t\t\t<ol>\n \t<li>To start a recruitment and\u00a0demand an\u00a0interview process, the client must pay \u20ac30.<\/li>\n \t<br>\n \t<li>After the professional has been verified and hired to perform the service, it is up to the client to make Marie Bonne a payment equivalent to the salary + VAT previously agreed between the Client\/Candidate. This payment must\u00a0occur\u00a0until the first day on which the candidate begins to perform the agreed work.<\/li>\n<br>\n \t<li>Each contract is then guaranteed for 3 months, during which the customer can carry out a maximum of 4 employee replacements.<\/li>\n<br>\n \t<li>Marie Bonne does not commit to refunds of fees.<\/li>\n<\/ol>\t\t\t\t\t\t\t\t<\/div>\n\t\t\t\t<\/div>\n\t\t\t\t<div class=\"elementor-element elementor-element-0f68e98 elementor-widget elementor-widget-heading\" data-id=\"0f68e98\" data-element_type=\"widget\" data-e-type=\"widget\" data-widget_type=\"heading.default\">\n\t\t\t\t<div class=\"elementor-widget-container\">\n\t\t\t\t\t<h2 class=\"elementor-heading-title elementor-size-default\">List of Candidate(s) available<\/h2>\t\t\t\t<\/div>\n\t\t\t\t<\/div>\n\t\t\t\t<section class=\"elementor-section elementor-inner-section elementor-element elementor-element-aa55e64 elementor-section-content-middle elementor-section-boxed elementor-section-height-default elementor-section-height-default\" data-id=\"aa55e64\" data-element_type=\"section\" data-e-type=\"section\">\n\t\t\t\t\t\t<div class=\"elementor-container elementor-column-gap-default\">\n\t\t\t\t\t<div class=\"elementor-column elementor-col-33 elementor-inner-column elementor-element elementor-element-a57daae\" data-id=\"a57daae\" data-element_type=\"column\" data-e-type=\"column\">\n\t\t\t<div class=\"elementor-widget-wrap elementor-element-populated\">\n\t\t\t\t\t\t<div class=\"elementor-element elementor-element-e248529 elementor-widget elementor-widget-image\" data-id=\"e248529\" data-element_type=\"widget\" data-e-type=\"widget\" data-widget_type=\"image.default\">\n\t\t\t\t<div class=\"elementor-widget-container\">\n\t\t\t\t\t\t\t\t\t\t\t\t\t\t\t<img decoding=\"async\" src=\"https:\/\/mariebonne.pt\/wp-content\/plugins\/elementor\/assets\/images\/placeholder.png\" title=\"\" alt=\"\" loading=\"lazy\" \/>\t\t\t\t\t\t\t\t\t\t\t\t\t\t\t<\/div>\n\t\t\t\t<\/div>\n\t\t\t\t\t<\/div>\n\t\t<\/div>\n\t\t\t\t<div class=\"elementor-column elementor-col-66 elementor-inner-column elementor-element elementor-element-a9e82b4\" data-id=\"a9e82b4\" data-element_type=\"column\" data-e-type=\"column\">\n\t\t\t<div class=\"elementor-widget-wrap elementor-element-populated\">\n\t\t\t\t\t\t<div class=\"elementor-element elementor-element-39e7448 elementor-widget elementor-widget-heading\" data-id=\"39e7448\" data-element_type=\"widget\" data-e-type=\"widget\" data-widget_type=\"heading.default\">\n\t\t\t\t<div class=\"elementor-widget-container\">\n\t\t\t\t\t<h2 class=\"elementor-heading-title elementor-size-default\">Maria Fernanda<\/h2>\t\t\t\t<\/div>\n\t\t\t\t<\/div>\n\t\t\t\t\t<\/div>\n\t\t<\/div>\n\t\t\t\t\t<\/div>\n\t\t<\/section>\n\t\t\t\t<div class=\"elementor-element elementor-element-efb3e4b elementor-widget-divider--view-line elementor-widget elementor-widget-divider\" data-id=\"efb3e4b\" data-element_type=\"widget\" data-e-type=\"widget\" data-widget_type=\"divider.default\">\n\t\t\t\t<div class=\"elementor-widget-container\">\n\t\t\t\t\t\t\t<div class=\"elementor-divider\">\n\t\t\t<span class=\"elementor-divider-separator\">\n\t\t\t\t\t\t<\/span>\n\t\t<\/div>\n\t\t\t\t\t\t<\/div>\n\t\t\t\t<\/div>\n\t\t\t\t<div class=\"elementor-element elementor-element-2311ad5 elementor-widget elementor-widget-Table\" data-id=\"2311ad5\" data-element_type=\"widget\" data-e-type=\"widget\" data-widget_type=\"Table.default\">\n\t\t\t\t<div class=\"elementor-widget-container\">\n\t\t\t\t\t\t\t<table class=\"tafe-table\">\n\t\t\t<thead  class=\"tafe-table-header\">\n\t\t\t\t<tr>\n\t\t\t\t\t<th class=\"elementor-inline-editing elementor-repeater-item-d629462\"   >Candidate Data<\/th><th class=\"elementor-inline-editing elementor-repeater-item-83e5d2d\"   ><\/th>\t\t\t\t<\/tr>\n\t\t\t<\/thead>\n\t\t\t\t\t\t<tbody class=\"tafe-table-body\">\n\t\t\t\t<tr>\n\t\t\t\t\t<td data-label=\"Dados do(a) Candidato(a)\"   class=\"elementor-repeater-item-67adc52 td-content-type-default\" >Reference<\/td><td data-label=\"\"   class=\"elementor-repeater-item-a4b1d3c td-content-type-default\" >Table Data<\/td><\/tr><tr><td data-label=\"Dados do(a) Candidato(a)\"   class=\"elementor-repeater-item-795002b td-content-type-default\" >Nationality<\/td><td data-label=\"\"   class=\"elementor-repeater-item-6c6a305 td-content-type-default\" >Table Data<\/td><\/tr><tr><td data-label=\"Dados do(a) Candidato(a)\"   class=\"elementor-repeater-item-e1353fe td-content-type-default\" >Naturalness<\/td><td data-label=\"\"   class=\"elementor-repeater-item-4a4e4b8 td-content-type-default\" >Table Data<\/td><\/tr><tr><td data-label=\"Dados do(a) Candidato(a)\"   class=\"elementor-repeater-item-40651fd td-content-type-default\" >Birth date<\/td><td data-label=\"\"   class=\"elementor-repeater-item-b12e597 td-content-type-default\" >Table Data<\/td><\/tr><tr><td data-label=\"Dados do(a) Candidato(a)\"   class=\"elementor-repeater-item-54d4494 td-content-type-default\" >Marital status<\/td><td data-label=\"\"   class=\"elementor-repeater-item-985577f td-content-type-default\" >Table Data<\/td><\/tr><tr><td data-label=\"Dados do(a) Candidato(a)\"   class=\"elementor-repeater-item-6cf8d58 td-content-type-default\" >Have children<\/td><td data-label=\"\"   class=\"elementor-repeater-item-ed21603 td-content-type-default\" >Table Data<\/td><\/tr><tr><td data-label=\"Dados do(a) Candidato(a)\"   class=\"elementor-repeater-item-ca6c909 td-content-type-default\" >In Portugal Since<\/td><td data-label=\"\"   class=\"elementor-repeater-item-4dc420d td-content-type-default\" >Table Data<\/td><\/tr><tr><td data-label=\"Dados do(a) Candidato(a)\"   class=\"elementor-repeater-item-ef92f0d td-content-type-default\" >Legalized<\/td><td data-label=\"\"   class=\"elementor-repeater-item-c5c15ac td-content-type-default\" >Table Data<\/td><\/tr><tr><td data-label=\"Dados do(a) Candidato(a)\"   class=\"elementor-repeater-item-3eed737 td-content-type-default\" >Location<\/td><td data-label=\"\"   class=\"elementor-repeater-item-7880019 td-content-type-default\" >Table Data<\/td><\/tr><tr><td data-label=\"Dados do(a) Candidato(a)\"   class=\"elementor-repeater-item-819fb38 td-content-type-default\" >Parish<\/td><td data-label=\"\"   class=\"elementor-repeater-item-68a4908 td-content-type-default\" >Table Data<\/td><\/tr><tr><td data-label=\"Dados do(a) Candidato(a)\"   class=\"elementor-repeater-item-36928e9 td-content-type-default\" >Languages<\/td><td data-label=\"\"   class=\"elementor-repeater-item-f7edff5 td-content-type-default\" >Table Data<\/td><\/tr><tr><td data-label=\"Dados do(a) Candidato(a)\"   class=\"elementor-repeater-item-5771a42 td-content-type-default\" >Cook<\/td><td data-label=\"\"   class=\"elementor-repeater-item-c4893df td-content-type-default\" >Table Data<\/td><\/tr><tr><td data-label=\"Dados do(a) Candidato(a)\"   class=\"elementor-repeater-item-2ee05da td-content-type-default\" >Iron<\/td><td data-label=\"\"   class=\"elementor-repeater-item-3c7907a td-content-type-default\" >Table Data<\/td><\/tr><tr><td data-label=\"Dados do(a) Candidato(a)\"   class=\"elementor-repeater-item-407cf0a td-content-type-default\" >Animals<\/td><td data-label=\"\"   class=\"elementor-repeater-item-08afe0e td-content-type-default\" >Table Data<\/td><\/tr><tr><td data-label=\"Dados do(a) Candidato(a)\"   class=\"elementor-repeater-item-bc7d0be td-content-type-default\" >Kids<\/td><td data-label=\"\"   class=\"elementor-repeater-item-7e82179 td-content-type-default\" >Table Data<\/td><\/tr><tr><td data-label=\"Dados do(a) Candidato(a)\"   class=\"elementor-repeater-item-076de18 td-content-type-default\" >Babies<\/td><td data-label=\"\"   class=\"elementor-repeater-item-00dbf6f td-content-type-default\" >Table Data<\/td><\/tr><tr><td data-label=\"Dados do(a) Candidato(a)\"   class=\"elementor-repeater-item-311fe26 td-content-type-default\" >Twins<\/td><td data-label=\"\"   class=\"elementor-repeater-item-6a9ea6b td-content-type-default\" >Table Data<\/td><\/tr><tr><td data-label=\"Dados do(a) Candidato(a)\"   class=\"elementor-repeater-item-8ad461a td-content-type-default\" >Seniors<\/td><td data-label=\"\"   class=\"elementor-repeater-item-3fea1db td-content-type-default\" >Table Data<\/td><\/tr><tr><td data-label=\"Dados do(a) Candidato(a)\"   class=\"elementor-repeater-item-8fec647 td-content-type-default\" >Driving license<\/td><td data-label=\"\"   class=\"elementor-repeater-item-6997bfb td-content-type-default\" >Table Data<\/td><\/tr><tr><td data-label=\"Dados do(a) Candidato(a)\"   class=\"elementor-repeater-item-1bd3fbf td-content-type-default\" >Own Vehicle<\/td><td data-label=\"\"   class=\"elementor-repeater-item-4d32147 td-content-type-default\" >Table Data<\/td><\/tr><tr><td data-label=\"Dados do(a) Candidato(a)\"   class=\"elementor-repeater-item-6e101f1 td-content-type-default\" >Education<\/td><td data-label=\"\"   class=\"elementor-repeater-item-a3c41f1 td-content-type-default\" >Table Data<\/td><\/tr><tr><td data-label=\"Dados do(a) Candidato(a)\"   class=\"elementor-repeater-item-4856930 td-content-type-default\" >Professional experience<\/td><td data-label=\"\"   class=\"elementor-repeater-item-7add912 td-content-type-default\" >Table Data<\/td>\t\t\t\t<\/tr>\n\t\t\t<\/tbody>\n\t\t<\/table>\n\t\t\n\t\t\t\t\t\t<\/div>\n\t\t\t\t<\/div>\n\t\t\t\t\t<\/div>\n\t\t<\/div>\n\t\t\t\t\t<\/div>\n\t\t<\/section>\n\t\t\t\t<section class=\"elementor-section elementor-top-section elementor-element elementor-element-8b9dc15 elementor-section-stretched elementor-section-boxed elementor-section-height-default elementor-section-height-default\" data-id=\"8b9dc15\" data-element_type=\"section\" data-e-type=\"section\" data-settings=\"{&quot;stretch_section&quot;:&quot;section-stretched&quot;,&quot;background_background&quot;:&quot;classic&quot;}\">\n\t\t\t\t\t\t<div class=\"elementor-container elementor-column-gap-default\">\n\t\t\t\t\t<div class=\"elementor-column elementor-col-100 elementor-top-column elementor-element elementor-element-9465b48\" data-id=\"9465b48\" data-element_type=\"column\" data-e-type=\"column\" data-settings=\"{&quot;background_background&quot;:&quot;classic&quot;}\">\n\t\t\t<div class=\"elementor-widget-wrap elementor-element-populated\">\n\t\t\t\t\t<div class=\"elementor-background-overlay\"><\/div>\n\t\t\t\t\t\t<section class=\"elementor-section elementor-inner-section elementor-element elementor-element-431b90b elementor-section-content-middle elementor-section-boxed elementor-section-height-default elementor-section-height-default\" data-id=\"431b90b\" data-element_type=\"section\" data-e-type=\"section\">\n\t\t\t\t\t\t<div class=\"elementor-container elementor-column-gap-default\">\n\t\t\t\t\t<div class=\"elementor-column elementor-col-33 elementor-inner-column elementor-element elementor-element-063285a\" data-id=\"063285a\" data-element_type=\"column\" data-e-type=\"column\">\n\t\t\t<div class=\"elementor-widget-wrap elementor-element-populated\">\n\t\t\t\t\t\t<div class=\"elementor-element elementor-element-fa3b775 elementor-widget elementor-widget-image\" data-id=\"fa3b775\" data-element_type=\"widget\" data-e-type=\"widget\" data-widget_type=\"image.default\">\n\t\t\t\t<div class=\"elementor-widget-container\">\n\t\t\t\t\t\t\t\t\t\t\t\t\t\t\t<img decoding=\"async\" width=\"668\" height=\"280\" src=\"https:\/\/mariebonne.pt\/wp-content\/uploads\/2021\/08\/logo-marie-bonne-04.png\" class=\"attachment-medium_large size-medium_large wp-image-366\" alt=\"\" srcset=\"https:\/\/mariebonne.pt\/wp-content\/uploads\/2021\/08\/logo-marie-bonne-04.png 668w, https:\/\/mariebonne.pt\/wp-content\/uploads\/2021\/08\/logo-marie-bonne-04-300x126.png 300w, https:\/\/mariebonne.pt\/wp-content\/uploads\/2021\/08\/logo-marie-bonne-04-600x251.png 600w\" sizes=\"(max-width: 668px) 100vw, 668px\" \/>\t\t\t\t\t\t\t\t\t\t\t\t\t\t\t<\/div>\n\t\t\t\t<\/div>\n\t\t\t\t\t<\/div>\n\t\t<\/div>\n\t\t\t\t<div class=\"elementor-column elementor-col-33 elementor-inner-column elementor-element elementor-element-520c242\" data-id=\"520c242\" data-element_type=\"column\" data-e-type=\"column\">\n\t\t\t<div class=\"elementor-widget-wrap elementor-element-populated\">\n\t\t\t\t\t\t<div class=\"elementor-element elementor-element-24fdd05 elementor-align-end elementor-icon-list--layout-traditional elementor-list-item-link-full_width elementor-widget elementor-widget-icon-list\" data-id=\"24fdd05\" data-element_type=\"widget\" data-e-type=\"widget\" data-widget_type=\"icon-list.default\">\n\t\t\t\t<div class=\"elementor-widget-container\">\n\t\t\t\t\t\t\t<ul class=\"elementor-icon-list-items\">\n\t\t\t\t\t\t\t<li class=\"elementor-icon-list-item\">\n\t\t\t\t\t\t\t\t\t\t\t<a href=\"tel:351916736766\">\n\n\t\t\t\t\t\t\t\t\t\t\t\t<span class=\"elementor-icon-list-icon\">\n\t\t\t\t\t\t\t<i aria-hidden=\"true\" class=\"fas fa-mobile-alt\"><\/i>\t\t\t\t\t\t<\/span>\n\t\t\t\t\t\t\t\t\t\t<span class=\"elementor-icon-list-text\">+351 91673 67 66<\/span>\n\t\t\t\t\t\t\t\t\t\t\t<\/a>\n\t\t\t\t\t\t\t\t\t<\/li>\n\t\t\t\t\t\t\t\t<li class=\"elementor-icon-list-item\">\n\t\t\t\t\t\t\t\t\t\t\t<a href=\"https:\/\/goo.gl\/maps\/tu2QQLiJ4RAffCG57\" target=\"_blank\" rel=\"noopener\">\n\n\t\t\t\t\t\t\t\t\t\t\t\t<span class=\"elementor-icon-list-icon\">\n\t\t\t\t\t\t\t<i aria-hidden=\"true\" class=\"fas fa-map-marker-alt\"><\/i>\t\t\t\t\t\t<\/span>\n\t\t\t\t\t\t\t\t\t\t<span class=\"elementor-icon-list-text\">Largo da Esta\u00e7\u00e3o n 8 , 3 Esq.  2750-340 Cascais<\/span>\n\t\t\t\t\t\t\t\t\t\t\t<\/a>\n\t\t\t\t\t\t\t\t\t<\/li>\n\t\t\t\t\t\t\t\t<li class=\"elementor-icon-list-item\">\n\t\t\t\t\t\t\t\t\t\t\t<a href=\"https:\/\/mariebonne.pt\/en_gb\/\" target=\"_blank\">\n\n\t\t\t\t\t\t\t\t\t\t\t\t<span class=\"elementor-icon-list-icon\">\n\t\t\t\t\t\t\t<i aria-hidden=\"true\" class=\"fas fa-mouse-pointer\"><\/i>\t\t\t\t\t\t<\/span>\n\t\t\t\t\t\t\t\t\t\t<span class=\"elementor-icon-list-text\">mariebonne.pt<\/span>\n\t\t\t\t\t\t\t\t\t\t\t<\/a>\n\t\t\t\t\t\t\t\t\t<\/li>\n\t\t\t\t\t\t<\/ul>\n\t\t\t\t\t\t<\/div>\n\t\t\t\t<\/div>\n\t\t\t\t\t<\/div>\n\t\t<\/div>\n\t\t\t\t<div class=\"elementor-column elementor-col-33 elementor-inner-column elementor-element elementor-element-b557c43\" data-id=\"b557c43\" data-element_type=\"column\" data-e-type=\"column\">\n\t\t\t<div class=\"elementor-widget-wrap elementor-element-populated\">\n\t\t\t\t\t\t<div class=\"elementor-element elementor-element-702654a elementor-shape-circle e-grid-align-right elementor-grid-1 elementor-widget elementor-widget-social-icons\" data-id=\"702654a\" data-element_type=\"widget\" data-e-type=\"widget\" data-widget_type=\"social-icons.default\">\n\t\t\t\t<div class=\"elementor-widget-container\">\n\t\t\t\t\t\t\t<div class=\"elementor-social-icons-wrapper elementor-grid\" role=\"list\">\n\t\t\t\t\t\t\t<span class=\"elementor-grid-item\" role=\"listitem\">\n\t\t\t\t\t<a class=\"elementor-icon elementor-social-icon elementor-social-icon-facebook-f elementor-repeater-item-e8b509f\" href=\"https:\/\/www.facebook.com\/Marie-Bonne-108066668288505\" target=\"_blank\" rel=\"noopener\">\n\t\t\t\t\t\t<span class=\"elementor-screen-only\">Facebook-f<\/span>\n\t\t\t\t\t\t<i aria-hidden=\"true\" class=\"fab fa-facebook-f\"><\/i>\t\t\t\t\t<\/a>\n\t\t\t\t<\/span>\n\t\t\t\t\t\t\t<span class=\"elementor-grid-item\" role=\"listitem\">\n\t\t\t\t\t<a class=\"elementor-icon elementor-social-icon elementor-social-icon-instagram elementor-repeater-item-6f30b86\" href=\"https:\/\/www.instagram.com\/_marie_bonne_\/\" target=\"_blank\" rel=\"noopener\">\n\t\t\t\t\t\t<span class=\"elementor-screen-only\">Instagram<\/span>\n\t\t\t\t\t\t<i aria-hidden=\"true\" class=\"fab fa-instagram\"><\/i>\t\t\t\t\t<\/a>\n\t\t\t\t<\/span>\n\t\t\t\t\t<\/div>\n\t\t\t\t\t\t<\/div>\n\t\t\t\t<\/div>\n\t\t\t\t\t<\/div>\n\t\t<\/div>\n\t\t\t\t\t<\/div>\n\t\t<\/section>\n\t\t\t\t\t<\/div>\n\t\t<\/div>\n\t\t\t\t\t<\/div>\n\t\t<\/section>\n\t\t\t\t<\/div>","protected":false},"excerpt":{"rendered":"<p>Ol\u00e1, Depois de detalhadamente avaliadas as especifica\u00e7\u00f5es do seu pedido e das suas necessidades, enviamos para sua aprecia\u00e7\u00e3o a lista de candidatos dispon\u00edveis e especializados que mais se adequam para o desempenho da fun\u00e7\u00e3o que procura. Ficamos a aguardar o seu contacto para darmos in\u00edcio ao agendamento das entrevistas. Aproveitamos ainda para lhe relembrar as [&hellip;]<\/p>\n","protected":false},"author":1,"featured_media":0,"parent":0,"menu_order":0,"comment_status":"closed","ping_status":"closed","template":"","meta":{"footnotes":""},"class_list":["post-1330","page","type-page","status-publish","hentry"],"acf":[],"_links":{"self":[{"href":"https:\/\/mariebonne.pt\/en_gb\/wp-json\/wp\/v2\/pages\/1330","targetHints":{"allow":["GET"]}}],"collection":[{"href":"https:\/\/mariebonne.pt\/en_gb\/wp-json\/wp\/v2\/pages"}],"about":[{"href":"https:\/\/mariebonne.pt\/en_gb\/wp-json\/wp\/v2\/types\/page"}],"author":[{"embeddable":true,"href":"https:\/\/mariebonne.pt\/en_gb\/wp-json\/wp\/v2\/users\/1"}],"replies":[{"embeddable":true,"href":"https:\/\/mariebonne.pt\/en_gb\/wp-json\/wp\/v2\/comments?post=1330"}],"version-history":[{"count":46,"href":"https:\/\/mariebonne.pt\/en_gb\/wp-json\/wp\/v2\/pages\/1330\/revisions"}],"predecessor-version":[{"id":1386,"href":"https:\/\/mariebonne.pt\/en_gb\/wp-json\/wp\/v2\/pages\/1330\/revisions\/1386"}],"wp:attachment":[{"href":"https:\/\/mariebonne.pt\/en_gb\/wp-json\/wp\/v2\/media?parent=1330"}],"curies":[{"name":"wp","href":"https:\/\/api.w.org\/{rel}","templated":true}]}}