{"id":3,"date":"2021-07-20T20:31:55","date_gmt":"2021-07-20T19:31:55","guid":{"rendered":"\/?page_id=3"},"modified":"2022-01-10T12:12:34","modified_gmt":"2022-01-10T12:12:34","slug":"politica-privacidade","status":"publish","type":"page","link":"https:\/\/mariebonne.pt\/en_gb\/politica-privacidade\/","title":{"rendered":"Privacy Policy"},"content":{"rendered":"<div data-elementor-type=\"wp-page\" data-elementor-id=\"3\" class=\"elementor elementor-3\" data-elementor-post-type=\"page\">\n\t\t\t\t\t\t<section class=\"elementor-section elementor-top-section elementor-element elementor-element-4dc6b7e elementor-section-boxed elementor-section-height-default elementor-section-height-default\" data-id=\"4dc6b7e\" data-element_type=\"section\" data-e-type=\"section\">\n\t\t\t\t\t\t<div class=\"elementor-container elementor-column-gap-default\">\n\t\t\t\t\t<div class=\"elementor-column elementor-col-100 elementor-top-column elementor-element elementor-element-84c02a4\" data-id=\"84c02a4\" data-element_type=\"column\" data-e-type=\"column\">\n\t\t\t<div class=\"elementor-widget-wrap elementor-element-populated\">\n\t\t\t\t\t\t<div class=\"elementor-element elementor-element-fc765a6 elementor-widget elementor-widget-spacer\" data-id=\"fc765a6\" data-element_type=\"widget\" data-e-type=\"widget\" data-widget_type=\"spacer.default\">\n\t\t\t\t<div class=\"elementor-widget-container\">\n\t\t\t\t\t\t\t<div class=\"elementor-spacer\">\n\t\t\t<div class=\"elementor-spacer-inner\"><\/div>\n\t\t<\/div>\n\t\t\t\t\t\t<\/div>\n\t\t\t\t<\/div>\n\t\t\t\t<div class=\"elementor-element elementor-element-c0077d7 elementor-widget elementor-widget-heading\" data-id=\"c0077d7\" data-element_type=\"widget\" data-e-type=\"widget\" data-widget_type=\"heading.default\">\n\t\t\t\t<div class=\"elementor-widget-container\">\n\t\t\t\t\t<h1 class=\"elementor-heading-title elementor-size-default\">Privacy Policy<\/h1>\t\t\t\t<\/div>\n\t\t\t\t<\/div>\n\t\t\t\t<div class=\"elementor-element elementor-element-0a35899 elementor-widget elementor-widget-spacer\" data-id=\"0a35899\" data-element_type=\"widget\" data-e-type=\"widget\" data-widget_type=\"spacer.default\">\n\t\t\t\t<div class=\"elementor-widget-container\">\n\t\t\t\t\t\t\t<div class=\"elementor-spacer\">\n\t\t\t<div class=\"elementor-spacer-inner\"><\/div>\n\t\t<\/div>\n\t\t\t\t\t\t<\/div>\n\t\t\t\t<\/div>\n\t\t\t\t<div class=\"elementor-element elementor-element-6aef622 elementor-widget elementor-widget-text-editor\" data-id=\"6aef622\" data-element_type=\"widget\" data-e-type=\"widget\" data-widget_type=\"text-editor.default\">\n\t\t\t\t<div class=\"elementor-widget-container\">\n\t\t\t\t\t\t\t\t\t<p><strong>Changes to our Privacy Statement<\/strong><\/p><p>This Privacy Statement may be updated from time to time and, whenever we make changes, they will be posted on our website and you will be alerted that the changes have been made.<\/p><p>\u00a0<\/p><p><strong>Last update<\/strong>: 30.09.2021<\/p><p>\u00a0<\/p><p>What does this privacy and cookie statement consist of<\/p><p>In this statement we explain how we collect, use, share and protect your personal information when you use our products, services and our website.<\/p><p>\u00a0<\/p><p><strong>Contact us<\/strong><\/p><p>Your opinion is important to us \u2013 if you have questions about our Privacy Statement you can send an email to our Data Protection Officer at geral@mariebonne.pt<\/p><p>\u00a0<\/p><p><strong>Our principles<\/strong><\/p><p>Marie Bonne is committed to respecting your privacy. We take security and compliance with data protection and privacy laws seriously.<\/p><p>We define our Privacy Commitments, which are available on our Privacy Portal. We try to put these commitments at the center of everything we do.<\/p><p>\u00a0<\/p><p><strong>Cookies Policy<\/strong><\/p><p>\u00a0<\/p><p><strong>How we use cookies<\/strong><\/p><p>We use cookies to track what users do on our website. Cookies also allow the use of services such as order tracking and account verification by the user.<\/p><p>Our cookies do not store personal information such as your name, they simply help us find information when you log in, or relate your browsing history to you and your personal information when you choose to subscribe to a service or newsletter.<\/p><p>For this purpose we sometimes use persistent cookies. We take the way we handle your personal information seriously and carefully, so we're always monitoring and improving how we protect it.<\/p><p>We have organized our cookies by the following categories to make it easier for you to understand why we need them:<\/p><ul><li>Strictly Necessary - are used to help our website run efficiently.<\/li><li>Performance - are used to analyze how our website works and understand how we can improve it.<\/li><li>Personalization - allow you to present on our website, and individually, offers and services tailored to your interests.<\/li><li>Advertising - are used by external companies to provide you with ads that are relevant to your interests, and they also allow you to limit the number of times you see a particular ad. These entities may also use this information for their own purposes.<\/li><\/ul><p>If you prefer, you can choose not to use these cookies. Content targeting means that we include information that reflects your interest shown in the contents of our web pages, or offers or promotions that we consider to be of interest to you, and to improve how we respond to your needs.<\/p><p>\u00a0<\/p><p><strong>Your cookies<\/strong><\/p><p>You must have your Internet browser ready to receive cookies. The most popular browsers are:<\/p><p>Internet Explorer<\/p><p>Firefox<\/p><p>Safari<\/p><p>Google Chrome<\/p><p>Opera<\/p><p>If you choose not to enable cookies, you will still be able to browse our website, but you should bear in mind that it may prevent some websites from being displayed correctly.<\/p><p>\u00a0<\/p><p><strong>Third Party Cookies<\/strong><\/p><p>First-party cookies originate from the same domain as the website you are visiting (in this case, www.mariebonne.pt )<\/p><p>Os cookies de terceiros s\u00e3o originados por um dom\u00ednio diferente do website que est\u00e1 a ser visitado. Por exemplo, quando visita o nosso website poderemos fazer uma liga\u00e7\u00e3o a um website de outra empresa \u2013 como a sua conta do Facebook ou do Instagram ou um v\u00eddeo do YouTube na nossa p\u00e1gina.<\/p><p>Por isso, quando por exemplo numa rede social faz um \u201cLike\u201d num telem\u00f3vel apresentado no nosso website, essas redes sociais poder\u00e3o colocar cookies no seu computador. N\u00e3o controlamos o modo como esses cookies s\u00e3o usados e sugerimos que confirme nos websites respetivos o modo como s\u00e3o usados, e como podem ser por si geridos.<\/p><p>\u00a0<\/p><h4>How to check if cookies are enabled (PC)<\/h4><p>\u00a0<\/p><p><strong>Google Chrome<\/strong><\/p><ol><li>Click the menu button (three horizontal bars) in the upper right corner of the browser window and select \"Settings\", then \"Advanced Settings\"<\/li><li>Locate the \"Privacy\" header, and select \"Content Settings\"<\/li><li>Select \"Allow sites to store and read cookie data\"<\/li><\/ol><p><strong>Microsoft Internet Explorer 11<\/strong><\/p><ol><li>Click on the \"Settings\" icon (looks like a gear) at the top right of the browser window and select \"Internet Options\", then click on the \"Privacy\" tab<\/li><li>Ensure the Privacy level is set to Medium or lower, which will allow cookies on your browser<\/li><li>A level above Medium will disable cookies<\/li><\/ol><p><strong>Mozilla Firefox<\/strong><\/p><ol><li>Click the menu button (three horizontal bars) in the upper right corner of the browser window and select Options<\/li><li>Select the Privacy icon<\/li><li>Clicar em Cookies, e selecionar \u201cpermitir que sites coloquem cookies\u201d<\/li><\/ol><p>\u00a0<\/p><h4>How to check if cookies are enabled (Mac)<\/h4><p><strong>Safari to OX X<\/strong><\/p><ol><li>Click on \"Safari\" at the top of the browser window and select the \"Preferences\" option<\/li><li>Click on \"Privacy\"<\/li><li>Select \"Allow only from visited sites\"<\/li><\/ol><p>\u00a0<\/p><h4>Block cookies<\/h4><p>If you want to know how to prevent websites\/websites from using cookies to remember the websites\/websites visited, you can choose your browser from the list. By doing so, you will be directed to the respective browser page where you can manage your cookies and website data.<\/p><p><a href=\"https:\/\/support.google.com\/chrome\/answer\/95647?hl=en-GB\" target=\"_blank\" rel=\"noopener\"><strong>Chrome<\/strong><\/a><\/p><p><a href=\"https:\/\/support.apple.com\/kb\/PH19214?viewlocale=en_US&amp;locale=en_US\" target=\"_blank\" rel=\"noopener\"><strong>Safari<\/strong><\/a><\/p><p><a href=\"https:\/\/www.mozilla.org\/en-US\/firefox\/dnt\/\" target=\"_blank\" rel=\"noopener\"><strong>Firefox<\/strong><\/a><\/p><p><a href=\"http:\/\/windows.microsoft.com\/en-GB\/internet-explorer\/use-tracking-protection#ie%3Die-11\" target=\"_blank\" rel=\"noopener\"><strong>Internet Explorer<\/strong><\/a><\/p><p><strong>\u00a0<\/strong>If you change your browser's cookie settings, your experience with us will not be monitored. Information regarding the control and elimination of cookies is also available at<\/p><p><a href=\"http:\/\/allaboutcookies.org\/\" target=\"_blank\" rel=\"noopener\">http:\/\/allaboutcookies.org<\/a><\/p>\t\t\t\t\t\t\t\t<\/div>\n\t\t\t\t<\/div>\n\t\t\t\t\t<\/div>\n\t\t<\/div>\n\t\t\t\t\t<\/div>\n\t\t<\/section>\n\t\t\t\t<\/div>","protected":false},"excerpt":{"rendered":"<p>Altera\u00e7\u00f5es \u00e0 nossa Declara\u00e7\u00e3o de Privacidade Esta Declara\u00e7\u00e3o de Privacidade poder\u00e1 ser atualizada com regularidade e, sempre que procedermos a altera\u00e7\u00f5es, estas ser\u00e3o publicadas no nosso website e ser\u00e1 alertado de que a mesma foi alterada. \u00daltima atualiza\u00e7\u00e3o: 30.09.2021 No que consiste esta declara\u00e7\u00e3o de privacidade e de cookies Nesta declara\u00e7\u00e3o explicamos como recolhemos, usamos, [&hellip;]<\/p>\n","protected":false},"author":1,"featured_media":0,"parent":0,"menu_order":0,"comment_status":"closed","ping_status":"closed","template":"elementor_header_footer","meta":{"footnotes":""},"class_list":["post-3","page","type-page","status-publish","hentry"],"acf":[],"_links":{"self":[{"href":"https:\/\/mariebonne.pt\/en_gb\/wp-json\/wp\/v2\/pages\/3","targetHints":{"allow":["GET"]}}],"collection":[{"href":"https:\/\/mariebonne.pt\/en_gb\/wp-json\/wp\/v2\/pages"}],"about":[{"href":"https:\/\/mariebonne.pt\/en_gb\/wp-json\/wp\/v2\/types\/page"}],"author":[{"embeddable":true,"href":"https:\/\/mariebonne.pt\/en_gb\/wp-json\/wp\/v2\/users\/1"}],"replies":[{"embeddable":true,"href":"https:\/\/mariebonne.pt\/en_gb\/wp-json\/wp\/v2\/comments?post=3"}],"version-history":[{"count":9,"href":"https:\/\/mariebonne.pt\/en_gb\/wp-json\/wp\/v2\/pages\/3\/revisions"}],"predecessor-version":[{"id":1850,"href":"https:\/\/mariebonne.pt\/en_gb\/wp-json\/wp\/v2\/pages\/3\/revisions\/1850"}],"wp:attachment":[{"href":"https:\/\/mariebonne.pt\/en_gb\/wp-json\/wp\/v2\/media?parent=3"}],"curies":[{"name":"wp","href":"https:\/\/api.w.org\/{rel}","templated":true}]}}