{"id":38,"date":"2021-07-20T23:49:33","date_gmt":"2021-07-20T22:49:33","guid":{"rendered":"\/?page_id=38"},"modified":"2022-01-10T12:03:55","modified_gmt":"2022-01-10T12:03:55","slug":"termos-condicoes","status":"publish","type":"page","link":"https:\/\/mariebonne.pt\/en_gb\/termos-condicoes\/","title":{"rendered":"Terms &amp; Conditions"},"content":{"rendered":"<div data-elementor-type=\"wp-page\" data-elementor-id=\"38\" class=\"elementor elementor-38\" data-elementor-post-type=\"page\">\n\t\t\t\t\t\t<section class=\"elementor-section elementor-top-section elementor-element elementor-element-9240bb9 elementor-section-boxed elementor-section-height-default elementor-section-height-default\" data-id=\"9240bb9\" data-element_type=\"section\" data-e-type=\"section\">\n\t\t\t\t\t\t<div class=\"elementor-container elementor-column-gap-default\">\n\t\t\t\t\t<div class=\"elementor-column elementor-col-100 elementor-top-column elementor-element elementor-element-9882046\" data-id=\"9882046\" data-element_type=\"column\" data-e-type=\"column\">\n\t\t\t<div class=\"elementor-widget-wrap elementor-element-populated\">\n\t\t\t\t\t\t<div class=\"elementor-element elementor-element-3dd3112 elementor-widget elementor-widget-spacer\" data-id=\"3dd3112\" data-element_type=\"widget\" data-e-type=\"widget\" data-widget_type=\"spacer.default\">\n\t\t\t\t<div class=\"elementor-widget-container\">\n\t\t\t\t\t\t\t<div class=\"elementor-spacer\">\n\t\t\t<div class=\"elementor-spacer-inner\"><\/div>\n\t\t<\/div>\n\t\t\t\t\t\t<\/div>\n\t\t\t\t<\/div>\n\t\t\t\t<div class=\"elementor-element elementor-element-b4139d7 elementor-widget elementor-widget-heading\" data-id=\"b4139d7\" data-element_type=\"widget\" data-e-type=\"widget\" data-widget_type=\"heading.default\">\n\t\t\t\t<div class=\"elementor-widget-container\">\n\t\t\t\t\t<h1 class=\"elementor-heading-title elementor-size-default\">Terms &amp; Conditions<\/h1>\t\t\t\t<\/div>\n\t\t\t\t<\/div>\n\t\t\t\t<div class=\"elementor-element elementor-element-40ff08a elementor-widget elementor-widget-spacer\" data-id=\"40ff08a\" data-element_type=\"widget\" data-e-type=\"widget\" data-widget_type=\"spacer.default\">\n\t\t\t\t<div class=\"elementor-widget-container\">\n\t\t\t\t\t\t\t<div class=\"elementor-spacer\">\n\t\t\t<div class=\"elementor-spacer-inner\"><\/div>\n\t\t<\/div>\n\t\t\t\t\t\t<\/div>\n\t\t\t\t<\/div>\n\t\t\t\t<div class=\"elementor-element elementor-element-66b8061 elementor-widget elementor-widget-text-editor\" data-id=\"66b8061\" data-element_type=\"widget\" data-e-type=\"widget\" data-widget_type=\"text-editor.default\">\n\t\t\t\t<div class=\"elementor-widget-container\">\n\t\t\t\t\t\t\t\t\t<p><strong>General<\/strong><\/p><p>The content of this website is made available for the purpose of providing general information about the services provided by Marie Bonne, and cannot be understood, in any case, as a proposal to provide services.<\/p><p>Marie Bonne excludes its liability for any damages that may occur in connection with the information contained on this website. This site aims to inform, and content is not guaranteed to be permanently updated.<\/p><p>All rights (in particular with respect to intellectual property rights) relating to this website are the exclusive property of Marie Bonne.<\/p><p>When using this website, the collection and use of your information is carried out under the terms and conditions set out in the Cookies Policy, as well as in the Privacy Policy (thus giving your agreement to both). We reserve the right to change the terms and conditions of use of this website (including the Privacy Policy or the Cookie Policy) at any time. Such changes will be posted on this website.<\/p><p><strong>Privacy Commitments<\/strong><\/p><p>Customers trust us with their privacy \u2013 whether it's protecting their personal information, the confidentiality of their communications, or the way we develop our products and services.<\/p><p>How we handle privacy is a vital aspect of our responsibility to customers and a decisive factor in earning their trust.<\/p><p>Our Privacy Commitments set out the principles that govern our approach to privacy and how we work with our employees, partners and external stakeholders on relevant issues \u2013 for example, when we design products or when we collaborate with various law enforcement agencies.<\/p><p>\u00a0<\/p><p><strong>Respect<\/strong><\/p><p>We value privacy for what it means to people. It's more than ensuring compliance with the law. It is to cultivate a culture that respects privacy and justifies the trust placed in us.<\/p><p>\u00a0<\/p><p><strong>Transparency<\/strong><\/p><p>We clearly communicate the purposes for which we process the personal data of customers and we guarantee that our actions reflect our words, being receptive to comments about what we do.<\/p><p>\u00a0<\/p><p><strong>Choice<\/strong><\/p><p>We give people the ability to make simple and meaningful choices about their privacy.<\/p><p>\u00a0<\/p><p><strong>Privacy from Conception<\/strong><\/p><p>Respect for privacy is a key component in the design, development and delivery of our products and services.<\/p><p>\u00a0<\/p><p><strong>Balance<\/strong><\/p><p>When there is a need to balance the right to privacy against other obligations necessary to ensure a free and secure society, we work to minimize impacts on privacy.<\/p><p>\u00a0<\/p><p><strong>Laws and Standards<\/strong><\/p><p>We comply with privacy laws and will work with governments, regulators, policy makers and opinion leaders to develop even better and more balanced privacy laws and standards.<\/p><p>\u00a0<\/p><p><strong>Responsibility<\/strong><\/p><p>We are responsible for adhering to these principles throughout our organization, and we also work with our partners and suppliers to do so.<\/p><p>\u00a0<\/p><p><strong>Privacy and Cookie Statement<\/strong><\/p><p>\u00a0<\/p><p><strong>Changes to our Privacy Statement<\/strong><\/p><p>This Privacy Statement may be updated from time to time and, whenever we make changes, they will be posted on our website and you will be alerted that the changes have been made.<\/p><p>\u00a0<\/p><p><strong>Last update<\/strong>: 30.09.2021<\/p><p>\u00a0<\/p><p>What does this privacy and cookie statement consist of<\/p><p>In this statement we explain how we collect, use, share and protect your personal information when you use our products, services and our website.<\/p><p>\u00a0<\/p><p><strong>Contact us<\/strong><\/p><p>Your opinion is important to us \u2013 if you have questions about our Privacy Statement you can send an email to our Data Protection Officer at geral@mariebonne.pt<\/p><p>\u00a0<\/p><p><strong>Our principles<\/strong><\/p><p>Marie Bonne is committed to respecting your privacy. We take security and compliance with data protection and privacy laws seriously.<\/p><p>We define our Privacy Commitments, which are available on our Privacy Portal. We try to put these commitments at the center of everything we do.<\/p><p>\u00a0<\/p><p><strong>Cookies Policy<\/strong><\/p><p>\u00a0<\/p><p><strong>How we use cookies<\/strong><\/p><p>We use cookies to track what users do on our website. Cookies also allow the use of services such as order tracking and account verification by the user.<\/p><p>Our cookies do not store personal information such as your name, they simply help us find information when you log in, or relate your browsing history to you and your personal information when you choose to subscribe to a service or newsletter.<\/p><p>For this purpose we sometimes use persistent cookies. We take the way we handle your personal information seriously and carefully, so we're always monitoring and improving how we protect it.<\/p><p>We have organized our cookies by the following categories to make it easier for you to understand why we need them:<\/p><ul><li>Strictly Necessary - are used to help our website run efficiently.<\/li><li>Performance - are used to analyze how our website works and understand how we can improve it.<\/li><li>Personalization - allow you to present on our website, and individually, offers and services tailored to your interests.<\/li><li>Advertising - are used by external companies to provide you with ads that are relevant to your interests, and they also allow you to limit the number of times you see a particular ad. These entities may also use this information for their own purposes.<\/li><\/ul><p>If you prefer, you can choose not to use these cookies. Content targeting means that we include information that reflects your interest shown in the contents of our web pages, or offers or promotions that we consider to be of interest to you, and to improve how we respond to your needs.<\/p><p>\u00a0<\/p><p><strong>Your cookies<\/strong><\/p><p>You must have your Internet browser ready to receive cookies. The most popular browsers are:<\/p><p>Internet Explorer<\/p><p>Firefox<\/p><p>Safari<\/p><p>Google Chrome<\/p><p>Opera<\/p><p>If you choose not to enable cookies, you will still be able to browse our website, but you should bear in mind that it may prevent some websites from being displayed correctly.<\/p><p>\u00a0<\/p><p><strong>Third Party Cookies<\/strong><\/p><p>First-party cookies originate from the same domain as the website you are visiting (in this case, www.mariebonne.pt )<\/p><p>Third-party cookies originate from a different domain than the website being visited. For example, when you visit our website we may link to another company's website - such as your Facebook or Instagram account or a YouTube video on our page.<\/p><p>Therefore, when, for example, in a social network you make a \"Like\" on a mobile phone displayed on our website, these social networks may place cookies on your computer. We do not control how these cookies are used and we suggest that you confirm on the respective websites how they are used and how they can be managed by you.<\/p><p>\u00a0<\/p><h4>How to check if cookies are enabled (PC)<\/h4><p>\u00a0<\/p><p><strong>Google Chrome<\/strong><\/p><ol><li>Click the menu button (three horizontal bars) in the upper right corner of the browser window and select \"Settings\", then \"Advanced Settings\"<\/li><li>Locate the \"Privacy\" header, and select \"Content Settings\"<\/li><li>Select \"Allow sites to store and read cookie data\"<\/li><\/ol><p><strong>Microsoft Internet Explorer 11<\/strong><\/p><ol><li>Click on the \"Settings\" icon (looks like a gear) at the top right of the browser window and select \"Internet Options\", then click on the \"Privacy\" tab<\/li><li>Ensure the Privacy level is set to Medium or lower, which will allow cookies on your browser<\/li><li>A level above Medium will disable cookies<\/li><\/ol><p><strong>Mozilla Firefox<\/strong><\/p><ol><li>Click the menu button (three horizontal bars) in the upper right corner of the browser window and select Options<\/li><li>Select the Privacy icon<\/li><li>Click on Cookies, and select \"allow sites to set cookies\"<\/li><\/ol><p>\u00a0<\/p><h4>How to check if cookies are enabled (Mac)<\/h4><p><strong>Safari to OX X<\/strong><\/p><ol><li>Click on \"Safari\" at the top of the browser window and select the \"Preferences\" option<\/li><li>Click on \"Privacy\"<\/li><li>Select \"Allow only from visited sites\"<\/li><\/ol><p>\u00a0<\/p><h4>Block cookies<\/h4><p>If you want to know how to prevent websites\/websites from using cookies to remember the websites\/websites visited, you can choose your browser from the list. By doing so, you will be directed to the respective browser page where you can manage your cookies and website data.<\/p><p><a href=\"https:\/\/support.google.com\/chrome\/answer\/95647?hl=en-GB\" target=\"_blank\" rel=\"noopener\"><strong>Chrome<\/strong><\/a><\/p><p><a href=\"https:\/\/support.apple.com\/kb\/PH19214?viewlocale=en_US&amp;locale=en_US\" target=\"_blank\" rel=\"noopener\"><strong>Safari<\/strong><\/a><\/p><p><a href=\"https:\/\/www.mozilla.org\/en-US\/firefox\/dnt\/\" target=\"_blank\" rel=\"noopener\"><strong>Firefox<\/strong><\/a><\/p><p><a href=\"http:\/\/windows.microsoft.com\/en-GB\/internet-explorer\/use-tracking-protection#ie%3Die-11\" target=\"_blank\" rel=\"noopener\"><strong>Internet Explorer<\/strong><\/a><\/p><p><strong>\u00a0<\/strong>If you change your browser's cookie settings, your experience with us will not be monitored. Information regarding the control and elimination of cookies is also available at<\/p><p><a href=\"http:\/\/allaboutcookies.org\/\" target=\"_blank\" rel=\"noopener\">http:\/\/allaboutcookies.org<\/a><\/p>\t\t\t\t\t\t\t\t<\/div>\n\t\t\t\t<\/div>\n\t\t\t\t\t<\/div>\n\t\t<\/div>\n\t\t\t\t\t<\/div>\n\t\t<\/section>\n\t\t\t\t<\/div>","protected":false},"excerpt":{"rendered":"<p>Geral O conte\u00fado deste website \u00e9 disponibilizado com o objetivo de fornecer informa\u00e7\u00f5es de car\u00e1cter geral sobre os servi\u00e7os prestados pela Marie Bonne, n\u00e3o podendo ser entendido, em qualquer caso, como uma proposta de presta\u00e7\u00e3o de servi\u00e7os. A Marie Bonne exclui a sua responsabilidade por quaisquer danos que poder\u00e3o ocorrer relacionados com a informa\u00e7\u00e3o contida [&hellip;]<\/p>\n","protected":false},"author":1,"featured_media":0,"parent":0,"menu_order":0,"comment_status":"closed","ping_status":"closed","template":"elementor_header_footer","meta":{"footnotes":""},"class_list":["post-38","page","type-page","status-publish","hentry"],"acf":[],"_links":{"self":[{"href":"https:\/\/mariebonne.pt\/en_gb\/wp-json\/wp\/v2\/pages\/38","targetHints":{"allow":["GET"]}}],"collection":[{"href":"https:\/\/mariebonne.pt\/en_gb\/wp-json\/wp\/v2\/pages"}],"about":[{"href":"https:\/\/mariebonne.pt\/en_gb\/wp-json\/wp\/v2\/types\/page"}],"author":[{"embeddable":true,"href":"https:\/\/mariebonne.pt\/en_gb\/wp-json\/wp\/v2\/users\/1"}],"replies":[{"embeddable":true,"href":"https:\/\/mariebonne.pt\/en_gb\/wp-json\/wp\/v2\/comments?post=38"}],"version-history":[{"count":13,"href":"https:\/\/mariebonne.pt\/en_gb\/wp-json\/wp\/v2\/pages\/38\/revisions"}],"predecessor-version":[{"id":1593,"href":"https:\/\/mariebonne.pt\/en_gb\/wp-json\/wp\/v2\/pages\/38\/revisions\/1593"}],"wp:attachment":[{"href":"https:\/\/mariebonne.pt\/en_gb\/wp-json\/wp\/v2\/media?parent=38"}],"curies":[{"name":"wp","href":"https:\/\/api.w.org\/{rel}","templated":true}]}}